{"id":970,"date":"2023-10-22T23:52:43","date_gmt":"2023-10-23T02:52:43","guid":{"rendered":"https:\/\/www.ecoeureka.net\/?page_id=970"},"modified":"2025-05-22T15:16:42","modified_gmt":"2025-05-22T18:16:42","slug":"publicacoes","status":"publish","type":"page","link":"https:\/\/www.ecoeureka.net\/en\/publicacoes\/","title":{"rendered":"Full Articles Published in Journals"},"content":{"rendered":"<h2 class=\"wp-block-heading\"><strong>Artigos Completos Publicados em Peri\u00f3dicos<\/strong><\/h2>\n\n\n\n<div class=\"wp-block-media-text has-media-on-the-right is-stacked-on-mobile\" style=\"grid-template-columns:auto 17%\"><div class=\"wp-block-media-text__content\">\n<p><a href=\"https:\/\/revistas.usp.br\/ecoa\/article\/view\/184462\">Reflexos da maternidade: a rela\u00e7\u00e3o entre o ensino infantil e o trabalho da mulher<\/a><\/p>\n<\/div><figure class=\"wp-block-media-text__media\"><img loading=\"lazy\" decoding=\"async\" width=\"444\" height=\"613\" src=\"https:\/\/www.ecoeureka.net\/wp-content\/uploads\/2025\/05\/Economia-Aplicada.png\" alt=\"\" class=\"wp-image-1046 size-full\" srcset=\"https:\/\/www.ecoeureka.net\/wp-content\/uploads\/2025\/05\/Economia-Aplicada.png 444w, https:\/\/www.ecoeureka.net\/wp-content\/uploads\/2025\/05\/Economia-Aplicada-217x300.png 217w, https:\/\/www.ecoeureka.net\/wp-content\/uploads\/2025\/05\/Economia-Aplicada-9x12.png 9w\" sizes=\"auto, (max-width: 444px) 100vw, 444px\" \/><\/figure><\/div>\n\n\n\n<div style=\"height:46px\" aria-hidden=\"true\" class=\"wp-block-spacer\"><\/div>\n\n\n\n<div class=\"wp-block-media-text is-stacked-on-mobile\" style=\"line-height:2;grid-template-columns:15% auto\"><figure class=\"wp-block-media-text__media\"><a href=\"https:\/\/link.springer.com\/article\/10.1007\/s12124-023-09768-x\" target=\"_blank\" rel=\"noreferrer noopener\"><img loading=\"lazy\" decoding=\"async\" width=\"536\" height=\"640\" src=\"https:\/\/www.ecoeureka.net\/wp-content\/uploads\/2023\/10\/IPBHD.jpg\" alt=\"\" class=\"wp-image-1032 size-full\" srcset=\"https:\/\/www.ecoeureka.net\/wp-content\/uploads\/2023\/10\/IPBHD.jpg 536w, https:\/\/www.ecoeureka.net\/wp-content\/uploads\/2023\/10\/IPBHD-251x300.jpg 251w, https:\/\/www.ecoeureka.net\/wp-content\/uploads\/2023\/10\/IPBHD-10x12.jpg 10w\" sizes=\"auto, (max-width: 536px) 100vw, 536px\" \/><\/a><\/figure><div class=\"wp-block-media-text__content\">\n<p><a rel=\"noopener\" href=\"https:\/\/link.springer.com\/article\/10.1007\/s12124-023-09768-x\" target=\"_blank\">Cognitive Dissonance in the Self-assessed Health in Brazil: A CUB Model Analysis Using 2013 National Health Survey Data<\/a><\/p>\n<\/div><\/div>\n\n\n\n<div class=\"wp-block-media-text has-media-on-the-right is-stacked-on-mobile\" style=\"line-height:2;grid-template-columns:auto 15%\"><div class=\"wp-block-media-text__content\">\n<p><a rel=\"noopener\" href=\"https:\/\/portalrevistas.ucb.br\/index.php\/EALR\/article\/view\/11826\" target=\"_blank\">Economia do crime: da visibilidade de Gary Becker \u00e0s influ\u00eancias da economia comportamental<\/a><\/p>\n<\/div><figure class=\"wp-block-media-text__media\"><a href=\"https:\/\/portalrevistas.ucb.br\/index.php\/EALR\/article\/view\/11826\" target=\"_blank\" rel=\"noreferrer noopener\"><img loading=\"lazy\" decoding=\"async\" width=\"425\" height=\"597\" src=\"https:\/\/www.ecoeureka.net\/wp-content\/uploads\/2023\/10\/EALR.png\" alt=\"\" class=\"wp-image-983 size-full\" srcset=\"https:\/\/www.ecoeureka.net\/wp-content\/uploads\/2023\/10\/EALR.png 425w, https:\/\/www.ecoeureka.net\/wp-content\/uploads\/2023\/10\/EALR-214x300.png 214w, https:\/\/www.ecoeureka.net\/wp-content\/uploads\/2023\/10\/EALR-9x12.png 9w\" sizes=\"auto, (max-width: 425px) 100vw, 425px\" \/><\/a><\/figure><\/div>\n\n\n\n<div class=\"wp-block-media-text is-stacked-on-mobile\" style=\"line-height:2;grid-template-columns:15% auto\"><figure class=\"wp-block-media-text__media\"><a href=\"https:\/\/link.springer.com\/article\/10.1007\/s43546-022-00243-0\" target=\"_blank\" rel=\"noreferrer noopener\"><img loading=\"lazy\" decoding=\"async\" width=\"407\" height=\"512\" src=\"https:\/\/www.ecoeureka.net\/wp-content\/uploads\/2023\/10\/SNHD-1.jpg\" alt=\"\" class=\"wp-image-1035 size-full\" srcset=\"https:\/\/www.ecoeureka.net\/wp-content\/uploads\/2023\/10\/SNHD-1.jpg 407w, https:\/\/www.ecoeureka.net\/wp-content\/uploads\/2023\/10\/SNHD-1-238x300.jpg 238w, https:\/\/www.ecoeureka.net\/wp-content\/uploads\/2023\/10\/SNHD-1-10x12.jpg 10w\" sizes=\"auto, (max-width: 407px) 100vw, 407px\" \/><\/a><\/figure><div class=\"wp-block-media-text__content\">\n<p><a rel=\"noopener\" href=\"https:\/\/link.springer.com\/article\/10.1007\/s43546-022-00243-0\" target=\"_blank\">Behavioral economics in the analysis of health economics<\/a><\/p>\n<\/div><\/div>\n\n\n\n<div class=\"wp-block-media-text has-media-on-the-right is-stacked-on-mobile\" style=\"line-height:2;grid-template-columns:auto 15%\"><div class=\"wp-block-media-text__content\">\n<p><a rel=\"noopener\" href=\"https:\/\/link.springer.com\/article\/10.1007%2Fs10614-021-10158-x\" target=\"_blank\">Bounded Rationality, Group Formation and the Emergence of Trust: An Agent-Based Economic Model<\/a><\/p>\n<\/div><figure class=\"wp-block-media-text__media\"><a href=\"https:\/\/link.springer.com\/article\/10.1007%2Fs10614-021-10158-x\" target=\"_blank\" rel=\"noreferrer noopener\"><img loading=\"lazy\" decoding=\"async\" width=\"576\" height=\"865\" src=\"https:\/\/www.ecoeureka.net\/wp-content\/uploads\/2023\/10\/CEHD.png\" alt=\"\" class=\"wp-image-1036 size-full\" srcset=\"https:\/\/www.ecoeureka.net\/wp-content\/uploads\/2023\/10\/CEHD.png 576w, https:\/\/www.ecoeureka.net\/wp-content\/uploads\/2023\/10\/CEHD-200x300.png 200w, https:\/\/www.ecoeureka.net\/wp-content\/uploads\/2023\/10\/CEHD-8x12.png 8w\" sizes=\"auto, (max-width: 576px) 100vw, 576px\" \/><\/a><\/figure><\/div>\n\n\n\n<div class=\"wp-block-media-text is-stacked-on-mobile\" style=\"line-height:2;grid-template-columns:15% auto\"><figure class=\"wp-block-media-text__media\"><a href=\"https:\/\/www.braziliankeynesianreview.org\/BKR\/article\/view\/208\" target=\"_blank\" rel=\"noreferrer noopener\"><img loading=\"lazy\" decoding=\"async\" width=\"589\" height=\"832\" src=\"https:\/\/www.ecoeureka.net\/wp-content\/uploads\/2023\/10\/BKR.png\" alt=\"\" class=\"wp-image-991 size-full\" srcset=\"https:\/\/www.ecoeureka.net\/wp-content\/uploads\/2023\/10\/BKR.png 589w, https:\/\/www.ecoeureka.net\/wp-content\/uploads\/2023\/10\/BKR-212x300.png 212w, https:\/\/www.ecoeureka.net\/wp-content\/uploads\/2023\/10\/BKR-8x12.png 8w\" sizes=\"auto, (max-width: 589px) 100vw, 589px\" \/><\/a><\/figure><div class=\"wp-block-media-text__content\">\n<p><a rel=\"noopener\" href=\"https:\/\/www.braziliankeynesianreview.org\/BKR\/article\/view\/208\" target=\"_blank\">Rela\u00e7\u00f5es te\u00f3ricas entre a escolha na Economia Comportamental e a decis\u00e3o de investimento em Keynes<\/a><\/p>\n<\/div><\/div>\n\n\n\n<div class=\"wp-block-media-text has-media-on-the-right is-stacked-on-mobile\" style=\"line-height:2;grid-template-columns:auto 15%\"><div class=\"wp-block-media-text__content\">\n<p><a rel=\"noopener\" href=\"https:\/\/bell.unochapeco.edu.br\/revistas\/index.php\/rgo\/article\/view\/5443\" target=\"_blank\">Decis\u00f5es financeiras e o uso de aplicativos: um estudo \u00e0 luz da economia comportamental<\/a><\/p>\n<\/div><figure class=\"wp-block-media-text__media\"><a href=\"https:\/\/bell.unochapeco.edu.br\/revistas\/index.php\/rgo\/article\/view\/5443\" target=\"_blank\" rel=\"noreferrer noopener\"><img loading=\"lazy\" decoding=\"async\" width=\"603\" height=\"847\" src=\"https:\/\/www.ecoeureka.net\/wp-content\/uploads\/2023\/10\/RGO.png\" alt=\"\" class=\"wp-image-994 size-full\" srcset=\"https:\/\/www.ecoeureka.net\/wp-content\/uploads\/2023\/10\/RGO.png 603w, https:\/\/www.ecoeureka.net\/wp-content\/uploads\/2023\/10\/RGO-214x300.png 214w, https:\/\/www.ecoeureka.net\/wp-content\/uploads\/2023\/10\/RGO-9x12.png 9w\" sizes=\"auto, (max-width: 603px) 100vw, 603px\" \/><\/a><\/figure><\/div>\n\n\n\n<div class=\"wp-block-media-text is-stacked-on-mobile\" style=\"line-height:2;grid-template-columns:15% auto\"><figure class=\"wp-block-media-text__media\"><a href=\"https:\/\/www.scirp.org\/journal\/paperinformation.aspx?paperid=98516\" target=\"_blank\" rel=\"noreferrer noopener\"><img loading=\"lazy\" decoding=\"async\" width=\"260\" height=\"352\" src=\"https:\/\/www.ecoeureka.net\/wp-content\/uploads\/2023\/10\/TELHD.jpg\" alt=\"\" class=\"wp-image-1037 size-full\" srcset=\"https:\/\/www.ecoeureka.net\/wp-content\/uploads\/2023\/10\/TELHD.jpg 260w, https:\/\/www.ecoeureka.net\/wp-content\/uploads\/2023\/10\/TELHD-222x300.jpg 222w, https:\/\/www.ecoeureka.net\/wp-content\/uploads\/2023\/10\/TELHD-9x12.jpg 9w\" sizes=\"auto, (max-width: 260px) 100vw, 260px\" \/><\/a><\/figure><div class=\"wp-block-media-text__content\">\n<p><a rel=\"noopener noreferrer\" href=\"https:\/\/www.scirp.org\/journal\/paperinformation.aspx?paperid=98516\" target=\"_blank\">Anchoring Heuristics, Investor Sentiment and Stylized Facts in the Stock Market: An Agent Based Model<\/a><\/p>\n<\/div><\/div>\n\n\n\n<div class=\"wp-block-media-text has-media-on-the-right is-stacked-on-mobile\" style=\"grid-template-columns:auto 15%\"><div class=\"wp-block-media-text__content\">\n<p style=\"line-height:2\"><a rel=\"noopener\" href=\"https:\/\/periodicos.ufsm.br\/eed\/article\/view\/49203\" target=\"_blank\">Uma an\u00e1lise do fen\u00f4meno \u2018fake news\u2019 com base na economia comportamental<\/a><\/p>\n<\/div><figure class=\"wp-block-media-text__media\"><a href=\"https:\/\/periodicos.ufsm.br\/eed\/article\/view\/49203\" target=\"_blank\" rel=\"noreferrer noopener\"><img loading=\"lazy\" decoding=\"async\" width=\"561\" height=\"793\" src=\"https:\/\/www.ecoeureka.net\/wp-content\/uploads\/2023\/10\/ED.png\" alt=\"\" class=\"wp-image-1015 size-full\" srcset=\"https:\/\/www.ecoeureka.net\/wp-content\/uploads\/2023\/10\/ED.png 561w, https:\/\/www.ecoeureka.net\/wp-content\/uploads\/2023\/10\/ED-212x300.png 212w, https:\/\/www.ecoeureka.net\/wp-content\/uploads\/2023\/10\/ED-8x12.png 8w\" sizes=\"auto, (max-width: 561px) 100vw, 561px\" \/><\/a><\/figure><\/div>\n\n\n\n<div class=\"wp-block-media-text is-stacked-on-mobile\" style=\"line-height:2;grid-template-columns:15% auto\"><figure class=\"wp-block-media-text__media\"><a href=\"https:\/\/revistas.unifacs.br\/index.php\/rde\/article\/view\/6248\" target=\"_blank\" rel=\"noreferrer noopener\"><img loading=\"lazy\" decoding=\"async\" width=\"336\" height=\"425\" src=\"https:\/\/www.ecoeureka.net\/wp-content\/uploads\/2023\/10\/RDE.jpg\" alt=\"\" class=\"wp-image-1000 size-full\" srcset=\"https:\/\/www.ecoeureka.net\/wp-content\/uploads\/2023\/10\/RDE.jpg 336w, https:\/\/www.ecoeureka.net\/wp-content\/uploads\/2023\/10\/RDE-237x300.jpg 237w, https:\/\/www.ecoeureka.net\/wp-content\/uploads\/2023\/10\/RDE-9x12.jpg 9w\" sizes=\"auto, (max-width: 336px) 100vw, 336px\" \/><\/a><\/figure><div class=\"wp-block-media-text__content\">\n<p><a rel=\"noopener noreferrer\" href=\"https:\/\/revistas.unifacs.br\/index.php\/rde\/article\/view\/6248\" target=\"_blank\">Acesso ao esgotamento sanit\u00e1rio das fam\u00edlias pobres no Brasil<\/a><\/p>\n<\/div><\/div>\n\n\n\n<div class=\"wp-block-media-text has-media-on-the-right is-stacked-on-mobile\" style=\"line-height:2;grid-template-columns:auto 15%\"><div class=\"wp-block-media-text__content\">\n<p><a rel=\"noopener noreferrer\" href=\"http:\/\/www.mdpi.com\/1996-1073\/10\/6\/768\" target=\"_blank\">A Behavioral Economics Approach to Residential Electricity Consumption<\/a><\/p>\n<\/div><figure class=\"wp-block-media-text__media\"><a href=\"http:\/\/www.mdpi.com\/1996-1073\/10\/6\/768\" target=\"_blank\" rel=\"noreferrer noopener\"><img loading=\"lazy\" decoding=\"async\" width=\"453\" height=\"637\" src=\"https:\/\/www.ecoeureka.net\/wp-content\/uploads\/2023\/10\/energies.png\" alt=\"\" class=\"wp-image-1002 size-full\" srcset=\"https:\/\/www.ecoeureka.net\/wp-content\/uploads\/2023\/10\/energies.png 453w, https:\/\/www.ecoeureka.net\/wp-content\/uploads\/2023\/10\/energies-213x300.png 213w, https:\/\/www.ecoeureka.net\/wp-content\/uploads\/2023\/10\/energies-9x12.png 9w\" sizes=\"auto, (max-width: 453px) 100vw, 453px\" \/><\/a><\/figure><\/div>\n\n\n\n<div class=\"wp-block-media-text is-stacked-on-mobile\" style=\"line-height:2;grid-template-columns:15% auto\"><figure class=\"wp-block-media-text__media\"><a href=\"http:\/\/www.scielo.br\/scielo.php?pid=S0101-41612014000300006&amp;script=sci_abstract&amp;tlng=pt\" target=\"_blank\" rel=\"noreferrer noopener\"><img loading=\"lazy\" decoding=\"async\" width=\"300\" height=\"177\" src=\"https:\/\/www.ecoeureka.net\/wp-content\/uploads\/2023\/10\/EE.gif\" alt=\"\" class=\"wp-image-1005 size-full\"\/><\/a><\/figure><div class=\"wp-block-media-text__content\">\n<p><a rel=\"noopener noreferrer\" href=\"http:\/\/www.scielo.br\/scielo.php?pid=S0101-41612014000300006&amp;script=sci_abstract&amp;tlng=pt\" target=\"_blank\">Heur\u00edsticas no Estudo das Decis\u00f5es Econ\u00f4micas: Contribui\u00e7\u00f5es de Herbert Simon, Daniel Kahneman e Amos Tversky<\/a><\/p>\n<\/div><\/div>\n\n\n\n<div class=\"wp-block-media-text has-media-on-the-right is-stacked-on-mobile\" style=\"line-height:2;grid-template-columns:auto 15%\"><div class=\"wp-block-media-text__content\">\n<p><a rel=\"noopener noreferrer\" href=\"https:\/\/revistas.ufpr.br\/ret\/article\/view\/30215\" target=\"_blank\">Expans\u00e3o do Cr\u00e9dito no Brasil e a Vulnerabilidade do Consumidor<\/a><\/p>\n<\/div><figure class=\"wp-block-media-text__media\"><a href=\"https:\/\/revistas.ufpr.br\/ret\/article\/view\/30215\" target=\"_blank\" rel=\"noreferrer noopener\"><img loading=\"lazy\" decoding=\"async\" width=\"453\" height=\"639\" src=\"https:\/\/www.ecoeureka.net\/wp-content\/uploads\/2023\/10\/RET1.png\" alt=\"\" class=\"wp-image-1007 size-full\" srcset=\"https:\/\/www.ecoeureka.net\/wp-content\/uploads\/2023\/10\/RET1.png 453w, https:\/\/www.ecoeureka.net\/wp-content\/uploads\/2023\/10\/RET1-213x300.png 213w, https:\/\/www.ecoeureka.net\/wp-content\/uploads\/2023\/10\/RET1-9x12.png 9w\" sizes=\"auto, (max-width: 453px) 100vw, 453px\" \/><\/a><\/figure><\/div>\n\n\n\n<div class=\"wp-block-media-text is-stacked-on-mobile\" style=\"line-height:2;grid-template-columns:15% auto\"><figure class=\"wp-block-media-text__media\"><a href=\"https:\/\/revistas.ufpr.br\/ret\/article\/view\/26831\" target=\"_blank\" rel=\"noreferrer noopener\"><img loading=\"lazy\" decoding=\"async\" width=\"564\" height=\"795\" src=\"https:\/\/www.ecoeureka.net\/wp-content\/uploads\/2023\/10\/RET2.png\" alt=\"\" class=\"wp-image-1010 size-full\" srcset=\"https:\/\/www.ecoeureka.net\/wp-content\/uploads\/2023\/10\/RET2.png 564w, https:\/\/www.ecoeureka.net\/wp-content\/uploads\/2023\/10\/RET2-213x300.png 213w, https:\/\/www.ecoeureka.net\/wp-content\/uploads\/2023\/10\/RET2-9x12.png 9w\" sizes=\"auto, (max-width: 564px) 100vw, 564px\" \/><\/a><\/figure><div class=\"wp-block-media-text__content\">\n<p><a rel=\"noopener noreferrer\" href=\"https:\/\/revistas.ufpr.br\/ret\/article\/view\/26831\" target=\"_blank\">Reflex\u00f5es sobre o comportamento do consumidor e o cart\u00e3o de cr\u00e9dito no Brasil<\/a><\/p>\n<\/div><\/div>\n\n\n\n<div class=\"wp-block-media-text has-media-on-the-right is-stacked-on-mobile\" style=\"line-height:2;grid-template-columns:auto 15%\"><div class=\"wp-block-media-text__content\">\n<p><a rel=\"noopener noreferrer\" href=\"https:\/\/revistas.ufpr.br\/ret\/article\/view\/25907\" target=\"_blank\">Os precat\u00f3rios e as finan\u00e7as p\u00fablicas brasileiras<\/a><\/p>\n<\/div><figure class=\"wp-block-media-text__media\"><a href=\"https:\/\/revistas.ufpr.br\/ret\/article\/view\/25907\" target=\"_blank\" rel=\"noreferrer noopener\"><img loading=\"lazy\" decoding=\"async\" width=\"453\" height=\"639\" src=\"https:\/\/www.ecoeureka.net\/wp-content\/uploads\/2023\/10\/RET3.png\" alt=\"\" class=\"wp-image-1011 size-full\" srcset=\"https:\/\/www.ecoeureka.net\/wp-content\/uploads\/2023\/10\/RET3.png 453w, https:\/\/www.ecoeureka.net\/wp-content\/uploads\/2023\/10\/RET3-213x300.png 213w, https:\/\/www.ecoeureka.net\/wp-content\/uploads\/2023\/10\/RET3-9x12.png 9w\" sizes=\"auto, (max-width: 453px) 100vw, 453px\" \/><\/a><\/figure><\/div>\n\n\n\n<div class=\"wp-block-media-text is-stacked-on-mobile\" style=\"line-height:2;grid-template-columns:15% auto\"><figure class=\"wp-block-media-text__media\"><a href=\"http:\/\/www.google.com.br\/url?sa=t&amp;rct=j&amp;q=&amp;esrc=s&amp;source=web&amp;cd=1&amp;cad=rja&amp;uact=8&amp;ved=0ahUKEwj-iuXYsMHZAhXmlOAKHWoGAgoQFggnMAA&amp;url=http%3A%2F%2Frevistas.ufpr.br%2Feconomia%2Farticle%2Fview%2F5025&amp;usg=AOvVaw29swfuFCGlRRX398n9JfWb\" target=\"_blank\" rel=\"noreferrer noopener\"><img loading=\"lazy\" decoding=\"async\" width=\"573\" height=\"800\" src=\"https:\/\/www.ecoeureka.net\/wp-content\/uploads\/2023\/10\/REUFPR.png\" alt=\"\" class=\"wp-image-1012 size-full\" srcset=\"https:\/\/www.ecoeureka.net\/wp-content\/uploads\/2023\/10\/REUFPR.png 573w, https:\/\/www.ecoeureka.net\/wp-content\/uploads\/2023\/10\/REUFPR-215x300.png 215w, https:\/\/www.ecoeureka.net\/wp-content\/uploads\/2023\/10\/REUFPR-9x12.png 9w\" sizes=\"auto, (max-width: 573px) 100vw, 573px\" \/><\/a><\/figure><div class=\"wp-block-media-text__content\">\n<p><a rel=\"noopener noreferrer\" href=\"http:\/\/www.google.com.br\/url?sa=t&amp;rct=j&amp;q=&amp;esrc=s&amp;source=web&amp;cd=1&amp;cad=rja&amp;uact=8&amp;ved=0ahUKEwj-iuXYsMHZAhXmlOAKHWoGAgoQFggnMAA&amp;url=http%3A%2F%2Frevistas.ufpr.br%2Feconomia%2Farticle%2Fview%2F5025&amp;usg=AOvVaw29swfuFCGlRRX398n9JfWb\" target=\"_blank\">Seis Hist\u00f3rias do Pensamento Econ\u00f4mico: abordagens dadas \u00e0 Revolu\u00e7\u00e3o Marginalista e ao pensamento de Nassau Senior<\/a><\/p>\n<\/div><\/div>\n\n\n\n<div class=\"wp-block-media-text has-media-on-the-right is-stacked-on-mobile\" style=\"line-height:2;grid-template-columns:auto 15%\"><div class=\"wp-block-media-text__content\">\n<p><a rel=\"noopener noreferrer\" href=\"https:\/\/www.google.com.br\/url?sa=t&amp;rct=j&amp;q=&amp;esrc=s&amp;source=web&amp;cd=1&amp;cad=rja&amp;uact=8&amp;ved=0ahUKEwjyrs3lsMHZAhVPdt8KHbH6Bg0QFggqMAA&amp;url=https%3A%2F%2Fwww.inderscienceonline.com%2Fdoi%2Fabs%2F10.1504%2FIJBT.2003.004102&amp;usg=AOvVaw08nrObYIBf2kDOSG2xNgon\" target=\"_blank\">Genetically modified organisms: the side not revealed by science. International Journal of Biotechnology<\/a><\/p>\n<\/div><figure class=\"wp-block-media-text__media\"><a href=\"https:\/\/www.google.com.br\/url?sa=t&amp;rct=j&amp;q=&amp;esrc=s&amp;source=web&amp;cd=1&amp;cad=rja&amp;uact=8&amp;ved=0ahUKEwjyrs3lsMHZAhVPdt8KHbH6Bg0QFggqMAA&amp;url=https%3A%2F%2Fwww.inderscienceonline.com%2Fdoi%2Fabs%2F10.1504%2FIJBT.2003.004102&amp;usg=AOvVaw08nrObYIBf2kDOSG2xNgon\" target=\"_blank\" rel=\"noreferrer noopener\"><img loading=\"lazy\" decoding=\"async\" width=\"456\" height=\"656\" src=\"https:\/\/www.ecoeureka.net\/wp-content\/uploads\/2023\/10\/IJBHD.jpg\" alt=\"\" class=\"wp-image-1038 size-full\" srcset=\"https:\/\/www.ecoeureka.net\/wp-content\/uploads\/2023\/10\/IJBHD.jpg 456w, https:\/\/www.ecoeureka.net\/wp-content\/uploads\/2023\/10\/IJBHD-209x300.jpg 209w, https:\/\/www.ecoeureka.net\/wp-content\/uploads\/2023\/10\/IJBHD-8x12.jpg 8w\" sizes=\"auto, (max-width: 456px) 100vw, 456px\" \/><\/a><\/figure><\/div>\n\n\n\n<p>Curr\u00edculo Lattes:&nbsp;<a href=\"http:\/\/lattes.cnpq.br\/0551451997550358\" target=\"_blank\" rel=\"noopener noreferrer\">http:\/\/lattes.cnpq.br\/0551451997550358<\/a><\/p>\n\n\n\n<p>ORCID: <a href=\"https:\/\/orcid.org\/0000-0002-6862-9070\">0000-0002-6862-9070<\/a><\/p>","protected":false},"excerpt":{"rendered":"<p>Artigos Completos Publicados em Peri\u00f3dicos Reflexos da maternidade: a rela\u00e7\u00e3o entre o ensino infantil e o trabalho da mulher Cognitive Dissonance in the Self-assessed Health in Brazil: A CUB Model Analysis Using 2013 National Health Survey Data Economia do crime: da visibilidade de Gary Becker \u00e0s influ\u00eancias da economia comportamental Behavioral economics in the analysis &hellip; <\/p>\n<p class=\"link-more\"><a href=\"https:\/\/www.ecoeureka.net\/en\/publicacoes\/\" class=\"more-link\">Continue reading<span class=\"screen-reader-text\"> &#8220;Publica\u00e7\u00f5es&#8221;<\/span><\/a><\/p>","protected":false},"author":1,"featured_media":0,"parent":0,"menu_order":0,"comment_status":"closed","ping_status":"closed","template":"","meta":{"footnotes":""},"class_list":["post-970","page","type-page","status-publish","hentry"],"_links":{"self":[{"href":"https:\/\/www.ecoeureka.net\/en\/wp-json\/wp\/v2\/pages\/970","targetHints":{"allow":["GET"]}}],"collection":[{"href":"https:\/\/www.ecoeureka.net\/en\/wp-json\/wp\/v2\/pages"}],"about":[{"href":"https:\/\/www.ecoeureka.net\/en\/wp-json\/wp\/v2\/types\/page"}],"author":[{"embeddable":true,"href":"https:\/\/www.ecoeureka.net\/en\/wp-json\/wp\/v2\/users\/1"}],"replies":[{"embeddable":true,"href":"https:\/\/www.ecoeureka.net\/en\/wp-json\/wp\/v2\/comments?post=970"}],"version-history":[{"count":44,"href":"https:\/\/www.ecoeureka.net\/en\/wp-json\/wp\/v2\/pages\/970\/revisions"}],"predecessor-version":[{"id":1048,"href":"https:\/\/www.ecoeureka.net\/en\/wp-json\/wp\/v2\/pages\/970\/revisions\/1048"}],"wp:attachment":[{"href":"https:\/\/www.ecoeureka.net\/en\/wp-json\/wp\/v2\/media?parent=970"}],"curies":[{"name":"wp","href":"https:\/\/api.w.org\/{rel}","templated":true}]}}