{"id":958,"date":"2023-10-16T11:31:48","date_gmt":"2023-10-16T14:31:48","guid":{"rendered":"https:\/\/www.ecoeureka.net\/?page_id=958"},"modified":"2025-06-11T14:44:37","modified_gmt":"2025-06-11T17:44:37","slug":"limitacoes-humanas","status":"publish","type":"page","link":"https:\/\/www.ecoeureka.net\/en\/limitacoes-humanas\/","title":{"rendered":"Limita\u00e7\u00f5es Humanas"},"content":{"rendered":"<p>No texto chamado <a href=\"https:\/\/papers.ssrn.com\/sol3\/papers.cfm?abstract_id=245733\" target=\"_blank\" rel=\"noreferrer noopener\">Behavioral Economics<\/a>, Sendhil Mullainathan e Richard Thaler explicam que economia comportamental \u00e9 a combina\u00e7\u00e3o de psicologia e economia que investiga o que acontece em mercados em que os agentes apresentam limita\u00e7\u00f5es e complexidades. Eles discutem tr\u00eas formas importantes pelas quais as pessoas se desviam do modelo econ\u00f4mico padr\u00e3o. A racionalidade limitada reflete as habilidades cognitivas limitadas que restringem a resolu\u00e7\u00e3o de problemas. A for\u00e7a de vontade limitada envolve o fato de que as pessoas por vezes fazem escolhas que n\u00e3o s\u00e3o do seu interesse a longo prazo. O interesse pr\u00f3prio limitado incorpora o fato reconfortante de que os humanos est\u00e3o frequentemente dispostos a sacrificar os seus pr\u00f3prios interesses para ajudar os outros. Os autores ilustram, ent\u00e3o, como estes conceitos podem ser aplicados em dois contextos: finan\u00e7as e aposentadoria.<\/p>\n\n\n\n<p><\/p>","protected":false},"excerpt":{"rendered":"<p>No texto chamado Behavioral Economics, Sendhil Mullainathan e Richard Thaler explicam que economia comportamental \u00e9 a combina\u00e7\u00e3o de psicologia e economia que investiga o que acontece em mercados em que os agentes apresentam limita\u00e7\u00f5es e complexidades. Eles discutem tr\u00eas formas importantes pelas quais as pessoas se desviam do modelo econ\u00f4mico padr\u00e3o. A racionalidade limitada reflete &hellip; <\/p>\n<p class=\"link-more\"><a href=\"https:\/\/www.ecoeureka.net\/en\/limitacoes-humanas\/\" class=\"more-link\">Continue reading<span class=\"screen-reader-text\"> &#8220;Limita\u00e7\u00f5es Humanas&#8221;<\/span><\/a><\/p>","protected":false},"author":1,"featured_media":0,"parent":0,"menu_order":0,"comment_status":"closed","ping_status":"closed","template":"","meta":{"footnotes":""},"class_list":["post-958","page","type-page","status-publish","hentry"],"_links":{"self":[{"href":"https:\/\/www.ecoeureka.net\/en\/wp-json\/wp\/v2\/pages\/958","targetHints":{"allow":["GET"]}}],"collection":[{"href":"https:\/\/www.ecoeureka.net\/en\/wp-json\/wp\/v2\/pages"}],"about":[{"href":"https:\/\/www.ecoeureka.net\/en\/wp-json\/wp\/v2\/types\/page"}],"author":[{"embeddable":true,"href":"https:\/\/www.ecoeureka.net\/en\/wp-json\/wp\/v2\/users\/1"}],"replies":[{"embeddable":true,"href":"https:\/\/www.ecoeureka.net\/en\/wp-json\/wp\/v2\/comments?post=958"}],"version-history":[{"count":3,"href":"https:\/\/www.ecoeureka.net\/en\/wp-json\/wp\/v2\/pages\/958\/revisions"}],"predecessor-version":[{"id":1051,"href":"https:\/\/www.ecoeureka.net\/en\/wp-json\/wp\/v2\/pages\/958\/revisions\/1051"}],"wp:attachment":[{"href":"https:\/\/www.ecoeureka.net\/en\/wp-json\/wp\/v2\/media?parent=958"}],"curies":[{"name":"wp","href":"https:\/\/api.w.org\/{rel}","templated":true}]}}