{"id":948,"date":"2023-10-16T11:12:32","date_gmt":"2023-10-16T14:12:32","guid":{"rendered":"https:\/\/www.ecoeureka.net\/?page_id=948"},"modified":"2023-10-16T11:12:33","modified_gmt":"2023-10-16T14:12:33","slug":"academia","status":"publish","type":"page","link":"https:\/\/www.ecoeureka.net\/en\/academia\/","title":{"rendered":"Academia"},"content":{"rendered":"<div class=\"wp-block-group\"><div class=\"wp-block-group__inner-container is-layout-flow wp-block-group-is-layout-flow\">\n<pre class=\"wp-block-preformatted has-medium-font-size\"><strong>Undergraduation<\/strong><\/pre>\n<\/div><\/div>\n\n\n\n<p><a href=\"https:\/\/www.ecoeureka.net\/en\/estatistica-e-introducao-a-econometria\/\">SE 305 \u2013 Estat\u00edstica Econ\u00f4mica e Introdu\u00e7\u00e3o \u00e0 Econometria<\/a><\/p>\n\n\n\n<p><a href=\"https:\/\/www.ecoeureka.net\/en\/econometria\/\">SE 308 &#8211; Econometria<\/a><\/p>\n\n\n\n<p><a href=\"https:\/\/www.ecoeureka.net\/en\/se-614-econometria-1\/\">SE 614 &#8211; Econometria 1<\/a><\/p>\n\n\n\n<p><a href=\"https:\/\/www.ecoeureka.net\/en\/se650_economia-comportamental\/\">SE 650 &#8211; Economia Comportamental<\/a><\/p>\n\n\n\n<p><\/p>\n\n\n\n<pre class=\"wp-block-preformatted has-medium-font-size\"><strong>Graduation<\/strong><\/pre>\n\n\n\n<p><a href=\"https:\/\/www.ecoeureka.net\/en\/topicos-avancados-em-economia-comportamental\/\">DECO7008 \u2013 Economia Comportamental<\/a><\/p>\n\n\n\n<pre class=\"wp-block-verse\">Acesso a aulas gravadas, materiais de aula, question\u00e1rios e provas e envio e recebimento de trabalhos s\u00e3o efetuados atrav\u00e9s do site <a rel=\"noreferrer noopener\" href=\"https:\/\/ufprvirtual.ufpr.br\" target=\"_blank\">UFPR Virtual<\/a>, para os alunos matriculados nas disciplinas da Universidade Federal do Paran\u00e1. <\/pre>\n\n\n\n<p><\/p>","protected":false},"excerpt":{"rendered":"<p>Gradua\u00e7\u00e3o SE 305 \u2013 Estat\u00edstica Econ\u00f4mica e Introdu\u00e7\u00e3o \u00e0 Econometria SE 308 &#8211; Econometria SE 614 &#8211; Econometria 1 SE 650 &#8211; Economia Comportamental P\u00f3s-Gradua\u00e7\u00e3o DECO7008 \u2013 Economia Comportamental Acesso a aulas gravadas, materiais de aula, question\u00e1rios e provas e envio e recebimento de trabalhos s\u00e3o efetuados atrav\u00e9s do site UFPR Virtual, para os alunos &hellip; <\/p>\n<p class=\"link-more\"><a href=\"https:\/\/www.ecoeureka.net\/en\/academia\/\" class=\"more-link\">Continue reading<span class=\"screen-reader-text\"> &#8220;Academia&#8221;<\/span><\/a><\/p>","protected":false},"author":1,"featured_media":0,"parent":0,"menu_order":0,"comment_status":"closed","ping_status":"closed","template":"","meta":{"footnotes":""},"class_list":["post-948","page","type-page","status-publish","hentry"],"_links":{"self":[{"href":"https:\/\/www.ecoeureka.net\/en\/wp-json\/wp\/v2\/pages\/948","targetHints":{"allow":["GET"]}}],"collection":[{"href":"https:\/\/www.ecoeureka.net\/en\/wp-json\/wp\/v2\/pages"}],"about":[{"href":"https:\/\/www.ecoeureka.net\/en\/wp-json\/wp\/v2\/types\/page"}],"author":[{"embeddable":true,"href":"https:\/\/www.ecoeureka.net\/en\/wp-json\/wp\/v2\/users\/1"}],"replies":[{"embeddable":true,"href":"https:\/\/www.ecoeureka.net\/en\/wp-json\/wp\/v2\/comments?post=948"}],"version-history":[{"count":3,"href":"https:\/\/www.ecoeureka.net\/en\/wp-json\/wp\/v2\/pages\/948\/revisions"}],"predecessor-version":[{"id":951,"href":"https:\/\/www.ecoeureka.net\/en\/wp-json\/wp\/v2\/pages\/948\/revisions\/951"}],"wp:attachment":[{"href":"https:\/\/www.ecoeureka.net\/en\/wp-json\/wp\/v2\/media?parent=948"}],"curies":[{"name":"wp","href":"https:\/\/api.w.org\/{rel}","templated":true}]}}