{"id":931,"date":"2023-06-12T14:12:53","date_gmt":"2023-06-12T17:12:53","guid":{"rendered":"https:\/\/www.ecoeureka.net\/?page_id=931"},"modified":"2023-06-12T14:27:41","modified_gmt":"2023-06-12T17:27:41","slug":"iniciacao-cientifica","status":"publish","type":"page","link":"https:\/\/www.ecoeureka.net\/en\/iniciacao-cientifica\/","title":{"rendered":"Inicia\u00e7\u00e3o Cient\u00edfica 2023"},"content":{"rendered":"<p><strong>Sele\u00e7\u00e3o de alunos para participa\u00e7\u00e3o em Projeto de Inicia\u00e7\u00e3o Cient\u00edfica<\/strong><\/p>\n\n\n\n<p>Projeto: &nbsp;\u201c<a href=\"https:\/\/www.ecoeureka.net\/wp-content\/uploads\/2023\/06\/Projeto-de-pesquisa-Poli\u0301ticas-Pu\u0301blicas.pdf\" target=\"_blank\" rel=\"noreferrer noopener\">Economia Comportamental e Pol\u00edticas P\u00fablicas<\/a>\u201d<\/p>\n\n\n\n<p>Coordena\u00e7\u00e3o: &nbsp;Profa. Adriana Sbicca<\/p>\n\n\n\n<p>Plano de trabalho (1): \u00a0<a href=\"https:\/\/www.ecoeureka.net\/wp-content\/uploads\/2023\/06\/plano-de-trabalho-Rotulagem-de-Alimentos-no-Brasil.pdf\" target=\"_blank\" rel=\"noreferrer noopener\">Rotulagem de Alimentos no Brasil<\/a>.<\/p>\n\n\n\n<p>Plano de trabalho (2): <a rel=\"noreferrer noopener\" href=\"https:\/\/www.ecoeureka.net\/wp-content\/uploads\/2023\/06\/plano-de-trabalho-Decisao-Alimentar-e-Economia-Comportamental.pdf\" target=\"_blank\">Decis\u00e3o Alimentar e Economia Comportamental<\/a>.<\/p>\n\n\n\n<p>Per\u00edodo: 1\u00ba de setembro de 2023 a 31 de agosto de 2024.<\/p>\n\n\n\n<p>Bolsa: de acordo com a disponibiliza\u00e7\u00e3o pela UFPR. N\u00e3o havendo bolsa, o aluno selecionado poder\u00e1 participar do Programa na modalidade volunt\u00e1ria.<\/p>\n\n\n\n<p>A carga hor\u00e1ria semanal dedicada \u00e0s atividades de pesquisa ser\u00e1 de no m\u00ednimo 20 (vinte) horas na modalidade de Bolsa Remunerada e de no m\u00ednimo 12 (doze) horas na modalidade Volunt\u00e1ria.<\/p>\n\n\n\n<p>Requisitos:<\/p>\n\n\n\n<ul class=\"wp-block-list\"><li>Estar regularmente matriculado em curso superior na Universidade Federal do Paran\u00e1.<\/li><li>Ser capaz de realizar leitura na l\u00edngua ingl\u00eas.<\/li><\/ul>\n\n\n\n<p>Para se inscrever, enviar e-mail para a professora (<a href=\"mailto:adsbicca@ufpr.br\">adsbicca@ufpr.br<\/a>) com subject \u201cInicia\u00e7\u00e3o Cient\u00edfica 2023\u201d at\u00e9 dia 23\/06\/2023.&nbsp; Contendo Hist\u00f3rico escolar atualizado com IRA do curso de gradua\u00e7\u00e3o. A inscri\u00e7\u00e3o ser\u00e1 efetivada mediante confirma\u00e7\u00e3o, via e-mail, do recebimento da documenta\u00e7\u00e3o.<\/p>\n\n\n\n<p>A sele\u00e7\u00e3o ocorrer\u00e1 em 2 etapas:<\/p>\n\n\n\n<figure class=\"wp-block-table\"><table><tbody><tr><td>  <strong>Etapa<\/strong><\/td><td><strong>Data<\/strong><\/td><\/tr><tr><td>   An\u00e1lise do hist\u00f3rico<\/td><td> Enviado pelo aluno at\u00e9 23\/06<\/td><\/tr><tr><td>   Entrevista<\/td><td> Prevista para 27\/06<\/td><\/tr><\/tbody><\/table><\/figure>\n\n\n\n<p>Edital de Inicia\u00e7\u00e3o Cient\u00edfica 2023 e o Caderno de Normas, dispon\u00edveis no link <a href=\"http:\/\/www.prppg.ufpr.br\/site\/en\/ic\/pibic\/\">http:\/\/www.prppg.ufpr.br\/site\/en\/ic\/pibic\/<\/a><\/p>\n\n\n\n<p>Atenciosamente,<\/p>\n\n\n\n<p>Prof. Adriana Sbicca<\/p>\n\n\n\n<p>Curitiba, 13 de junho de 2023.<\/p>","protected":false},"excerpt":{"rendered":"<p>Sele\u00e7\u00e3o de alunos para participa\u00e7\u00e3o em Projeto de Inicia\u00e7\u00e3o Cient\u00edfica Projeto: &nbsp;\u201cEconomia Comportamental e Pol\u00edticas P\u00fablicas\u201d Coordena\u00e7\u00e3o: &nbsp;Profa. Adriana Sbicca Plano de trabalho (1): \u00a0Rotulagem de Alimentos no Brasil. Plano de trabalho (2): Decis\u00e3o Alimentar e Economia Comportamental. Per\u00edodo: 1\u00ba de setembro de 2023 a 31 de agosto de 2024. Bolsa: de acordo com a &hellip; <\/p>\n<p class=\"link-more\"><a href=\"https:\/\/www.ecoeureka.net\/en\/iniciacao-cientifica\/\" class=\"more-link\">Continue reading<span class=\"screen-reader-text\"> &#8220;Inicia\u00e7\u00e3o Cient\u00edfica 2023&#8221;<\/span><\/a><\/p>","protected":false},"author":1,"featured_media":0,"parent":0,"menu_order":0,"comment_status":"closed","ping_status":"closed","template":"","meta":{"footnotes":""},"class_list":["post-931","page","type-page","status-publish","hentry"],"_links":{"self":[{"href":"https:\/\/www.ecoeureka.net\/en\/wp-json\/wp\/v2\/pages\/931","targetHints":{"allow":["GET"]}}],"collection":[{"href":"https:\/\/www.ecoeureka.net\/en\/wp-json\/wp\/v2\/pages"}],"about":[{"href":"https:\/\/www.ecoeureka.net\/en\/wp-json\/wp\/v2\/types\/page"}],"author":[{"embeddable":true,"href":"https:\/\/www.ecoeureka.net\/en\/wp-json\/wp\/v2\/users\/1"}],"replies":[{"embeddable":true,"href":"https:\/\/www.ecoeureka.net\/en\/wp-json\/wp\/v2\/comments?post=931"}],"version-history":[{"count":8,"href":"https:\/\/www.ecoeureka.net\/en\/wp-json\/wp\/v2\/pages\/931\/revisions"}],"predecessor-version":[{"id":946,"href":"https:\/\/www.ecoeureka.net\/en\/wp-json\/wp\/v2\/pages\/931\/revisions\/946"}],"wp:attachment":[{"href":"https:\/\/www.ecoeureka.net\/en\/wp-json\/wp\/v2\/media?parent=931"}],"curies":[{"name":"wp","href":"https:\/\/api.w.org\/{rel}","templated":true}]}}