{"id":93,"date":"2018-02-24T20:39:46","date_gmt":"2018-02-24T20:39:46","guid":{"rendered":"http:\/\/ecoeureka.net\/?page_id=93"},"modified":"2021-11-12T12:55:22","modified_gmt":"2021-11-12T15:55:22","slug":"estatistica-e-introducao-a-econometria","status":"publish","type":"page","link":"https:\/\/www.ecoeureka.net\/en\/estatistica-e-introducao-a-econometria\/","title":{"rendered":"SE 305 \u2013 Estat\u00edstica Econ\u00f4mica e Introdu\u00e7\u00e3o \u00e0 Econometria"},"content":{"rendered":"<p>Ementa: nota\u00e7\u00e3o matricial; problemas de an\u00e1lise de regress\u00e3o; no\u00e7\u00f5es de simula\u00e7\u00e3o pelo m\u00e9todo Monte-Carlo; an\u00e1lise de s\u00e9ries temporais; constru\u00e7\u00e3o e uso de n\u00fameros-\u00edndices. Objetivo: capacitar o aluno para compreender e aplicar os conceitos introdut\u00f3rios de Estat\u00edstica e Econometria.<\/p>\n\n\n<p><\/p>","protected":false},"excerpt":{"rendered":"<p>Ementa: nota\u00e7\u00e3o matricial; problemas de an\u00e1lise de regress\u00e3o; no\u00e7\u00f5es de simula\u00e7\u00e3o pelo m\u00e9todo Monte-Carlo; an\u00e1lise de s\u00e9ries temporais; constru\u00e7\u00e3o e uso de n\u00fameros-\u00edndices. Objetivo: capacitar o aluno para compreender e aplicar os conceitos introdut\u00f3rios de Estat\u00edstica e Econometria.<\/p>","protected":false},"author":1,"featured_media":0,"parent":0,"menu_order":0,"comment_status":"closed","ping_status":"closed","template":"","meta":{"footnotes":""},"class_list":["post-93","page","type-page","status-publish","hentry"],"_links":{"self":[{"href":"https:\/\/www.ecoeureka.net\/en\/wp-json\/wp\/v2\/pages\/93","targetHints":{"allow":["GET"]}}],"collection":[{"href":"https:\/\/www.ecoeureka.net\/en\/wp-json\/wp\/v2\/pages"}],"about":[{"href":"https:\/\/www.ecoeureka.net\/en\/wp-json\/wp\/v2\/types\/page"}],"author":[{"embeddable":true,"href":"https:\/\/www.ecoeureka.net\/en\/wp-json\/wp\/v2\/users\/1"}],"replies":[{"embeddable":true,"href":"https:\/\/www.ecoeureka.net\/en\/wp-json\/wp\/v2\/comments?post=93"}],"version-history":[{"count":0,"href":"https:\/\/www.ecoeureka.net\/en\/wp-json\/wp\/v2\/pages\/93\/revisions"}],"wp:attachment":[{"href":"https:\/\/www.ecoeureka.net\/en\/wp-json\/wp\/v2\/media?parent=93"}],"curies":[{"name":"wp","href":"https:\/\/api.w.org\/{rel}","templated":true}]}}