{"id":914,"date":"2022-06-01T22:28:31","date_gmt":"2022-06-02T01:28:31","guid":{"rendered":"https:\/\/www.ecoeureka.net\/?page_id=914"},"modified":"2022-06-01T22:28:32","modified_gmt":"2022-06-02T01:28:32","slug":"se-614-econometria-1","status":"publish","type":"page","link":"https:\/\/www.ecoeureka.net\/en\/se-614-econometria-1\/","title":{"rendered":"SE 614 \u2013 Econometria 1"},"content":{"rendered":"<p>Ementa: An\u00e1lise de regress\u00e3o linear. Estima\u00e7\u00e3o. Infer\u00eancia. Previs\u00e3o. Multicolinearidade. Heterocedasticidade. Autocorrela\u00e7\u00e3o. Especifica\u00e7\u00e3o e diagn\u00f3sticos. Medidas de desigualdade. N\u00fameros-\u00edndices.<\/p>","protected":false},"excerpt":{"rendered":"<p>Ementa: An\u00e1lise de regress\u00e3o linear. Estima\u00e7\u00e3o. Infer\u00eancia. Previs\u00e3o. Multicolinearidade. Heterocedasticidade. Autocorrela\u00e7\u00e3o. Especifica\u00e7\u00e3o e diagn\u00f3sticos. Medidas de desigualdade. N\u00fameros-\u00edndices.<\/p>","protected":false},"author":1,"featured_media":0,"parent":0,"menu_order":0,"comment_status":"closed","ping_status":"closed","template":"","meta":{"footnotes":""},"class_list":["post-914","page","type-page","status-publish","hentry"],"_links":{"self":[{"href":"https:\/\/www.ecoeureka.net\/en\/wp-json\/wp\/v2\/pages\/914","targetHints":{"allow":["GET"]}}],"collection":[{"href":"https:\/\/www.ecoeureka.net\/en\/wp-json\/wp\/v2\/pages"}],"about":[{"href":"https:\/\/www.ecoeureka.net\/en\/wp-json\/wp\/v2\/types\/page"}],"author":[{"embeddable":true,"href":"https:\/\/www.ecoeureka.net\/en\/wp-json\/wp\/v2\/users\/1"}],"replies":[{"embeddable":true,"href":"https:\/\/www.ecoeureka.net\/en\/wp-json\/wp\/v2\/comments?post=914"}],"version-history":[{"count":1,"href":"https:\/\/www.ecoeureka.net\/en\/wp-json\/wp\/v2\/pages\/914\/revisions"}],"predecessor-version":[{"id":915,"href":"https:\/\/www.ecoeureka.net\/en\/wp-json\/wp\/v2\/pages\/914\/revisions\/915"}],"wp:attachment":[{"href":"https:\/\/www.ecoeureka.net\/en\/wp-json\/wp\/v2\/media?parent=914"}],"curies":[{"name":"wp","href":"https:\/\/api.w.org\/{rel}","templated":true}]}}