{"id":91,"date":"2018-02-24T20:39:14","date_gmt":"2018-02-24T20:39:14","guid":{"rendered":"http:\/\/ecoeureka.net\/?page_id=91"},"modified":"2021-11-12T13:15:30","modified_gmt":"2021-11-12T16:15:30","slug":"topicos-avancados-em-economia-comportamental","status":"publish","type":"page","link":"https:\/\/www.ecoeureka.net\/en\/topicos-avancados-em-economia-comportamental\/","title":{"rendered":"DECO7008 &#8211; Economia Comportamental"},"content":{"rendered":"<p>Ementa: abordagem tradicional do comportamento dos agentes econ\u00f4micos. Anomalias e cr\u00edticas \u00e0 abordagem tradicional com \u00eanfase na racionalidade limitada de Herbert Simon. Economia Comportamental: fundamentos e debates em torno do tema. Desenvolvimentos atuais da Economia Comportamental com \u00eanfase em psicologia de incentivos e finan\u00e7as. Objetivo: apresentar e discutir os fundamentos da Economia Comportamental e seus recentes desenvolvimentos procurando mostrar como o conte\u00fado pode ser aplicado ao estudo de diversas \u00e1reas e temas relevantes.<\/p>\n<ul>\n<li><a href=\"https:\/\/www.ecoeureka.net\/en\/deco7008-bibliografia\/\">Bibliografia<\/a><\/li>\n<\/ul>\n<h1><\/h1>","protected":false},"excerpt":{"rendered":"<p>Ementa: abordagem tradicional do comportamento dos agentes econ\u00f4micos. Anomalias e cr\u00edticas \u00e0 abordagem tradicional com \u00eanfase na racionalidade limitada de Herbert Simon. Economia Comportamental: fundamentos e debates em torno do tema. Desenvolvimentos atuais da Economia Comportamental com \u00eanfase em psicologia de incentivos e finan\u00e7as. Objetivo: apresentar e discutir os fundamentos da Economia Comportamental e seus &hellip; <\/p>\n<p class=\"link-more\"><a href=\"https:\/\/www.ecoeureka.net\/en\/topicos-avancados-em-economia-comportamental\/\" class=\"more-link\">Continue reading<span class=\"screen-reader-text\"> &#8220;DECO7008 &#8211; Economia Comportamental&#8221;<\/span><\/a><\/p>","protected":false},"author":1,"featured_media":0,"parent":0,"menu_order":0,"comment_status":"closed","ping_status":"closed","template":"","meta":{"footnotes":""},"class_list":["post-91","page","type-page","status-publish","hentry"],"_links":{"self":[{"href":"https:\/\/www.ecoeureka.net\/en\/wp-json\/wp\/v2\/pages\/91","targetHints":{"allow":["GET"]}}],"collection":[{"href":"https:\/\/www.ecoeureka.net\/en\/wp-json\/wp\/v2\/pages"}],"about":[{"href":"https:\/\/www.ecoeureka.net\/en\/wp-json\/wp\/v2\/types\/page"}],"author":[{"embeddable":true,"href":"https:\/\/www.ecoeureka.net\/en\/wp-json\/wp\/v2\/users\/1"}],"replies":[{"embeddable":true,"href":"https:\/\/www.ecoeureka.net\/en\/wp-json\/wp\/v2\/comments?post=91"}],"version-history":[{"count":0,"href":"https:\/\/www.ecoeureka.net\/en\/wp-json\/wp\/v2\/pages\/91\/revisions"}],"wp:attachment":[{"href":"https:\/\/www.ecoeureka.net\/en\/wp-json\/wp\/v2\/media?parent=91"}],"curies":[{"name":"wp","href":"https:\/\/api.w.org\/{rel}","templated":true}]}}