{"id":904,"date":"2022-06-01T22:22:35","date_gmt":"2022-06-02T01:22:35","guid":{"rendered":"https:\/\/www.ecoeureka.net\/?page_id=904"},"modified":"2022-06-01T22:22:36","modified_gmt":"2022-06-02T01:22:36","slug":"monitoria-2022_1","status":"publish","type":"page","link":"https:\/\/www.ecoeureka.net\/en\/monitoria-2022_1\/","title":{"rendered":"Monitoria 2022_1"},"content":{"rendered":"<p>Monitoria de Econometria (SE-614- Turno diurno)<\/p>\n\n\n\n<p>Prof. Adriana Sbicca<\/p>\n\n\n\n<p>2 vagas para monitoria;<\/p>\n\n\n\n<p>1 Bolsa prevista de R$ 400,00 (3 parcelas);<\/p>\n\n\n\n<p>Condi\u00e7\u00f5es para participar:<\/p>\n\n\n\n<ul class=\"wp-block-list\"><li>ter matr\u00edcula ativa na gradua\u00e7\u00e3o da UFPR;<\/li><li>ter conclu\u00eddo a disciplina SE 308- Econometria;<\/li><li>ter disponibilidade de 12h semanais para as atividades de monitoria;<\/li><li>possuir conhecimento e habilidades para usar o Moodle e dispor de computador e internet para o desempenho das atividades.<\/li><\/ul>\n\n\n\n<p>Inscri\u00e7\u00f5es atrav\u00e9s do envio de email para a professora (<a href=\"mailto:adsbicca@ufpr.br\">adsbicca@ufpr.br<\/a>) com c\u00f3pia para <a href=\"mailto:depecon@ufpr.br\">depecon@ufpr.br<\/a> at\u00e9 06 de junho. Apontar subject: inscri\u00e7\u00e3o monitoria.<\/p>\n\n\n\n<p><strong>Crit\u00e9rios de Sele\u00e7\u00e3o:<\/strong><\/p>\n\n\n\n<p>a) Nota de aprova\u00e7\u00e3o na disciplina SE 308- Econometria 40%;<\/p>\n\n\n\n<p>b) Nota na Prova Escrita 45%;<\/p>\n\n\n\n<p>c) Entrevista 15%.<\/p>\n\n\n\n<p>Prova \u2013 07 de junho de 2022 \u2013 11 \u00e0s 12:00h. Levar Hist\u00f3rico Escolar.<\/p>\n\n\n\n<p>Conte\u00fado:<\/p>\n\n\n\n<p>\u00cdndices de pre\u00e7o de Paasche e Laspeyres; coeficiente de correla\u00e7\u00e3o; regress\u00e3o; m\u00e9todo de m\u00ednimos quadrados ordin\u00e1rios.<\/p>\n\n\n\n<p>SARTORIS, A. <strong>Estat\u00edstica e Introdu\u00e7\u00e3o \u00e0 Econometria.<\/strong> Cap\u00edtulos 2.3.5, 8, 11, Saraiva, 2004.<\/p>\n\n\n\n<p>Entrevista \u2013 08 de junho, a partir das 11h.<\/p>\n\n\n\n<p><\/p>","protected":false},"excerpt":{"rendered":"<p>Monitoria de Econometria (SE-614- Turno diurno) Prof. Adriana Sbicca 2 vagas para monitoria; 1 Bolsa prevista de R$ 400,00 (3 parcelas); Condi\u00e7\u00f5es para participar: ter matr\u00edcula ativa na gradua\u00e7\u00e3o da UFPR; ter conclu\u00eddo a disciplina SE 308- Econometria; ter disponibilidade de 12h semanais para as atividades de monitoria; possuir conhecimento e habilidades para usar o &hellip; <\/p>\n<p class=\"link-more\"><a href=\"https:\/\/www.ecoeureka.net\/en\/monitoria-2022_1\/\" class=\"more-link\">Continue reading<span class=\"screen-reader-text\"> &#8220;Monitoria 2022_1&#8221;<\/span><\/a><\/p>","protected":false},"author":1,"featured_media":0,"parent":0,"menu_order":0,"comment_status":"closed","ping_status":"closed","template":"","meta":{"footnotes":""},"class_list":["post-904","page","type-page","status-publish","hentry"],"_links":{"self":[{"href":"https:\/\/www.ecoeureka.net\/en\/wp-json\/wp\/v2\/pages\/904","targetHints":{"allow":["GET"]}}],"collection":[{"href":"https:\/\/www.ecoeureka.net\/en\/wp-json\/wp\/v2\/pages"}],"about":[{"href":"https:\/\/www.ecoeureka.net\/en\/wp-json\/wp\/v2\/types\/page"}],"author":[{"embeddable":true,"href":"https:\/\/www.ecoeureka.net\/en\/wp-json\/wp\/v2\/users\/1"}],"replies":[{"embeddable":true,"href":"https:\/\/www.ecoeureka.net\/en\/wp-json\/wp\/v2\/comments?post=904"}],"version-history":[{"count":5,"href":"https:\/\/www.ecoeureka.net\/en\/wp-json\/wp\/v2\/pages\/904\/revisions"}],"predecessor-version":[{"id":909,"href":"https:\/\/www.ecoeureka.net\/en\/wp-json\/wp\/v2\/pages\/904\/revisions\/909"}],"wp:attachment":[{"href":"https:\/\/www.ecoeureka.net\/en\/wp-json\/wp\/v2\/media?parent=904"}],"curies":[{"name":"wp","href":"https:\/\/api.w.org\/{rel}","templated":true}]}}