{"id":801,"date":"2021-11-12T14:26:27","date_gmt":"2021-11-12T17:26:27","guid":{"rendered":"https:\/\/www.ecoeureka.net\/?page_id=801"},"modified":"2021-11-12T16:10:16","modified_gmt":"2021-11-12T19:10:16","slug":"anatomia-ec","status":"publish","type":"page","link":"https:\/\/www.ecoeureka.net\/en\/","title":{"rendered":"An Anatomy of Behavioral Economics"},"content":{"rendered":"<style>\n\t#hotspot-796 .hotspots-image-container,\n\t#hotspot-796 .leaflet-container {\n\t\tbackground: #000000\t}\n\n\t#hotspot-796 .hotspots-placeholder {\n\t\tbackground: #c4d6be;\n\t\tborder: 0 #c4d6be solid;\n\t\tcolor: #000000;\n\t}\n\n\t#hotspot-796 .hotspot-title {\n\t\tcolor: #000000;\n\t}\n\n\t\t\t#hotspot-796 .hotspot-default {\n\t\t\tstroke-width: 2;\n\t\t\tfill: #ffffff;\n\t\t\tfill-opacity: 0;\n\t\t\tstroke: #ffffff;\n\t\t\tstroke-opacity: 0;\n\t\t}\n\t\t#hotspot-796 .hotspot-default:hover,\n\t\t#hotspot-796 .hotspot-default:focus,\n\t\t#hotspot-796 .hotspot-default.hotspot-active {\n\t\t\tfill: #3CA2A2;\n\t\t\tfill-opacity: 0.71;\n\t\t\tstroke: #235B6E;\n\t\t\tstroke-opacity: 1.01;\n\t\t}\n\t\t#hotspot-796 .leaflet-tooltip,\n\t#hotspot-796 .leaflet-rrose-content-wrapper {\n\t\tbackground: #c4d6be;\n\t\tborder-color: #c4d6be;\n\t\tcolor: #000000;\n\t}\n\n\t#hotspot-796 a.leaflet-rrose-close-button {\n\t\tcolor: #000000;\n\t}\n\n\t#hotspot-796 .leaflet-rrose-tip {\n\t\tbackground: #c4d6be;\n\t}\n\n\t#hotspot-796 .leaflet-popup-scrolled {\n\t\tborder-bottom-color: #000000;\n\t\tborder-top-color: #000000;\n\t}\n\n\t#hotspot-796 .leaflet-tooltip-top:before {\n\t\tborder-top-color: #c4d6be;\n\t}\n\n\t#hotspot-796 .leaflet-tooltip-bottom:before {\n\t\tborder-bottom-color: #c4d6be;\n\t}\n\t#hotspot-796 .leaflet-tooltip-left:before {\n\t\tborder-left-color: #c4d6be;\n\t}\n\t#hotspot-796 .leaflet-tooltip-right:before {\n\t\tborder-right-color: #c4d6be;\n\t}\n<\/style>\n\n\n\t<div class=\"hotspots-container  layout-left event-click\" id=\"hotspot-796\" data-layout=\"left\" data-trigger=\"click\">\n\t\t<div class=\"hotspots-interaction\">\n\t\t\t\t<div class=\"hotspots-placeholder\" id=\"content-hotspot-796\">\n\t\t<div class=\"hotspot-initial\">\n\t\t\t\t\t\t\t\t\t<h2 class=\"hotspot-title\">\n\t\t\t\tBE\t\t\t<\/h2>\n\t\t\t\t\t\t<div class=\"hotspot-content\">\n\t\t\t\t\t\t\t\t<p>A proposal for Behavioral Economics (descriptive theory) based on Traditional Microeconomics (normative theory).<\/p>\n<p>(click on the brain area)<\/p>\n\t\t\t\t\t\t\t<\/div>\n\t\t<\/div>\n\t<\/div>\n<div class=\"hotspots-image-container\">\n\t<img\n\t\twidth=\"4000\"\n\t\theight=\"2250\"\n\t\tsrc=\"https:\/\/www.ecoeureka.net\/wp-content\/uploads\/2021\/11\/Esquema-ecoeureka-preto-2.png\"\n\t\talt=\"EC\"\n\t\tclass=\"hotspots-image skip-lazy\"\n\t\tusemap=\"#hotspots-image-796\"\n\t\tdata-image-title=\"EC\"\n\t\tdata-image-description=\"Uma proposta de Economia Comportamental (teoria descritiva) estruturada a partir da Microeconomia Tradicional (teoria normativa).(clique na \u00e1rea de interesse)\"\n\t\tdata-event-trigger=\"click\"\n\t\tdata-always-visible=\"false\"\n\t\tdata-id=\"796\"\n\t\tdata-no-lazy=\"1\"\n\t\tdata-lazy-src=\"\"\n\t\tdata-lazy=\"false\"\n\t\tloading=\"eager\"\n\t\tdata-skip-lazy=\"1\"\n\t\t>\n<\/div>\t\t<\/div>\n\t\t<map name=\"hotspots-image-796\" class=\"hotspots-map\">\n\t\t\t\t\t\t\t\t\t\t\t<area\n\t\t\t\t\tshape=\"polygon\"\n\t\t\t\t\tcoords=\"601,890,1531,893,1534,1488,1438,1410,1394,1326,1258,1355,1127,1349,964,1310,889,1271,808,1236,739,1172,676,1065\"\n\t\t\t\t\thref=\"#hotspot-hotspot-796-0\"\n\t\t\t\t\trel=\"\"\n\t\t\t\t\ttitle=\"Aplica\u00e7\u00f5es\"\n\t\t\t\t\talt=\"Aplica\u00e7\u00f5es\"\n\t\t\t\t\tdata-action=\"\"\n\t\t\t\t\tdata-color-scheme=\"\"\n\t\t\t\t\ttarget=\"\"\n\t\t\t\t\tclass=\"more-info-area\"\n\t\t\t\t\t>\n\t\t\t\t\t\t\t\t\t\t\t<area\n\t\t\t\t\tshape=\"polygon\"\n\t\t\t\t\tcoords=\"2468,896,3350,896,3360,998,3355,1086,3332,1221,3268,1365,3187,1492,3086,1578,2960,1642,2828,1678,2692,1696,2466,1677,2467,1336\"\n\t\t\t\t\thref=\"#hotspot-hotspot-796-1\"\n\t\t\t\t\trel=\"\"\n\t\t\t\t\ttitle=\"Basic Assumptions\"\n\t\t\t\t\talt=\"Pressupostos B\u00e1sicos\"\n\t\t\t\t\tdata-action=\"\"\n\t\t\t\t\tdata-color-scheme=\"\"\n\t\t\t\t\ttarget=\"\"\n\t\t\t\t\tclass=\"more-info-area\"\n\t\t\t\t\t>\n\t\t\t\t\t\t\t\t\t\t\t<area\n\t\t\t\t\tshape=\"polygon\"\n\t\t\t\t\tcoords=\"2464,142,2466,845,3346,845,3318,736,3280,664,3211,565,3128,474,3051,412,2967,354,2868,292,2738,228,2595,174\"\n\t\t\t\t\thref=\"#hotspot-hotspot-796-2\"\n\t\t\t\t\trel=\"\"\n\t\t\t\t\ttitle=\"Anomalies\"\n\t\t\t\t\talt=\"Anomalias\"\n\t\t\t\t\tdata-action=\"\"\n\t\t\t\t\tdata-color-scheme=\"\"\n\t\t\t\t\ttarget=\"\"\n\t\t\t\t\tclass=\"more-info-area\"\n\t\t\t\t\t>\n\t\t\t\t\t\t\t\t\t\t\t<area\n\t\t\t\t\tshape=\"polygon\"\n\t\t\t\t\tcoords=\"2412,1669,2411,894,1580,894,1583,1529,1690,1569,1806,1599\"\n\t\t\t\t\thref=\"#hotspot-hotspot-796-3\"\n\t\t\t\t\trel=\"\"\n\t\t\t\t\ttitle=\"&quot;Velha&quot; EC\"\n\t\t\t\t\talt=\"&quot;Velha&quot; EC\"\n\t\t\t\t\tdata-action=\"\"\n\t\t\t\t\tdata-color-scheme=\"\"\n\t\t\t\t\ttarget=\"\"\n\t\t\t\t\tclass=\"more-info-area\"\n\t\t\t\t\t>\n\t\t\t\t\t\t\t\t\t\t\t<area\n\t\t\t\t\tshape=\"polygon\"\n\t\t\t\t\tcoords=\"2411,131,2411,848,1583,850,1584,111,1784,95,1992,102\"\n\t\t\t\t\thref=\"#hotspot-hotspot-796-4\"\n\t\t\t\t\trel=\"\"\n\t\t\t\t\ttitle=\"&quot;Nova&quot; EC\"\n\t\t\t\t\talt=\"&quot;Nova&quot; EC\"\n\t\t\t\t\tdata-action=\"\"\n\t\t\t\t\tdata-color-scheme=\"\"\n\t\t\t\t\ttarget=\"\"\n\t\t\t\t\tclass=\"more-info-area\"\n\t\t\t\t\t>\n\t\t\t\t\t\t\t\t\t\t\t<area\n\t\t\t\t\tshape=\"polygon\"\n\t\t\t\t\tcoords=\"588,847,1527,847,1526,115,1096,228,795,387,676,500,634,546,607,603,590,643,575,716,578,782\"\n\t\t\t\t\thref=\"#hotspot-hotspot-796-5\"\n\t\t\t\t\trel=\"\"\n\t\t\t\t\ttitle=\"Methods\"\n\t\t\t\t\talt=\"M\u00e9todos\"\n\t\t\t\t\tdata-action=\"\"\n\t\t\t\t\tdata-color-scheme=\"\"\n\t\t\t\t\ttarget=\"\"\n\t\t\t\t\tclass=\"more-info-area\"\n\t\t\t\t\t>\n\t\t\t\t\t<\/map>\n\n\t\t\n\t\t\t\t\t\n\t\t\t\t\t\t<div class=\"hotspot-info\" id=\"hotspot-hotspot-796-0\">\n\t\t\t\t\n\t\t\t\t<h2 class=\"hotspot-title\">Aplica\u00e7\u00f5es<\/h2>\t\t\t\t\t\t\t\t<div class=\"hotspot-content\">\n\t\t\t\t\t<p>A EC tem sido amplamente aplicada a diversas \u00e1reas como sa\u00fade, educa\u00e7\u00e3o, finan\u00e7as, direito, pol\u00edticas p\u00fablicas e meio ambiente.<\/p>\n\t\t\t\t<\/div>\n\t\t\t<\/div>\n\t\t\t\t\t\n\t\t\t\t\t\t<div class=\"hotspot-info\" id=\"hotspot-hotspot-796-1\">\n\t\t\t\t\n\t\t\t\t<h2 class=\"hotspot-title\">Basic Assumptions<\/h2>\t\t\t\t\t\t\t\t<div class=\"hotspot-content\">\n\t\t\t\t\t<p>Faced with traditional assumptions, which generate predictions and expected behaviors, BE supports <a href=\"https:\/\/www.ecoeureka.net\/en\/limitacoes-humanas\/\" target=\"_blank\" rel=\"noopener\">bounded rationality, bounded self-interest, and bounded willpower<\/a>.<\/p>\n\t\t\t\t<\/div>\n\t\t\t<\/div>\n\t\t\t\t\t\n\t\t\t\t\t\t<div class=\"hotspot-info\" id=\"hotspot-hotspot-796-2\">\n\t\t\t\t\n\t\t\t\t<h2 class=\"hotspot-title\">Anomalies<\/h2>\t\t\t\t\t\t\t\t<div class=\"hotspot-content\">\n\t\t\t\t\t<p>X-Efficiency (1966);<br \/>\nWinner's curse (1971);<br \/>\nCalendar Effects on Finance (1976);<br \/>\nCooperation (1981);<br \/>\nBeliefs;<br \/>\nIntertemporal choice and <a href=\"https:\/\/www.ecoeureka.net\/en\/lista-de-anomalias\/\">many others<\/a>.<\/p>\n\t\t\t\t<\/div>\n\t\t\t<\/div>\n\t\t\t\t\t\n\t\t\t\t\t\t<div class=\"hotspot-info\" id=\"hotspot-hotspot-796-3\">\n\t\t\t\t\n\t\t\t\t<h2 class=\"hotspot-title\">\"Old\" BE<\/h2>\t\t\t\t\t\t\t\t<div class=\"hotspot-content\">\n\t\t\t\t\t<p>First confrontations with anomalies \u2013 the \u201cOld\u201d Behavioral Economics of George Katona, Tibor Scitovsky and Herbert Simon.<\/p>\n\t\t\t\t<\/div>\n\t\t\t<\/div>\n\t\t\t\t\t\n\t\t\t\t\t\t<div class=\"hotspot-info\" id=\"hotspot-hotspot-796-4\">\n\t\t\t\t\n\t\t\t\t<h2 class=\"hotspot-title\">\"New\" BE<\/h2>\t\t\t\t\t\t\t\t<div class=\"hotspot-content\">\n\t\t\t\t\t<p>Facing anomalies nowadays \u2013 the \u201cNew\u201d Behavioral Economics by Daniel Kahneman and Amos Tversky, Richard Thaler.<\/p>\n\t\t\t\t<\/div>\n\t\t\t<\/div>\n\t\t\t\t\t\n\t\t\t\t\t\t<div class=\"hotspot-info\" id=\"hotspot-hotspot-796-5\">\n\t\t\t\t\n\t\t\t\t<h2 class=\"hotspot-title\">Methods<\/h2>\t\t\t\t\t\t\t\t<div class=\"hotspot-content\">\n\t\t\t\t\t<p>In addition to various theoretical works, many originating from insightful observation of reality, controlled experiments, natural experiments, surveys, computer simulation, econometrics and machine learning are used.<\/p>\n\t\t\t\t<\/div>\n\t\t\t<\/div>\n\t\t\t<\/div>","protected":false},"excerpt":{"rendered":"","protected":false},"author":1,"featured_media":0,"parent":0,"menu_order":0,"comment_status":"closed","ping_status":"closed","template":"","meta":{"footnotes":""},"class_list":["post-801","page","type-page","status-publish","hentry"],"_links":{"self":[{"href":"https:\/\/www.ecoeureka.net\/en\/wp-json\/wp\/v2\/pages\/801","targetHints":{"allow":["GET"]}}],"collection":[{"href":"https:\/\/www.ecoeureka.net\/en\/wp-json\/wp\/v2\/pages"}],"about":[{"href":"https:\/\/www.ecoeureka.net\/en\/wp-json\/wp\/v2\/types\/page"}],"author":[{"embeddable":true,"href":"https:\/\/www.ecoeureka.net\/en\/wp-json\/wp\/v2\/users\/1"}],"replies":[{"embeddable":true,"href":"https:\/\/www.ecoeureka.net\/en\/wp-json\/wp\/v2\/comments?post=801"}],"version-history":[{"count":2,"href":"https:\/\/www.ecoeureka.net\/en\/wp-json\/wp\/v2\/pages\/801\/revisions"}],"predecessor-version":[{"id":814,"href":"https:\/\/www.ecoeureka.net\/en\/wp-json\/wp\/v2\/pages\/801\/revisions\/814"}],"wp:attachment":[{"href":"https:\/\/www.ecoeureka.net\/en\/wp-json\/wp\/v2\/media?parent=801"}],"curies":[{"name":"wp","href":"https:\/\/api.w.org\/{rel}","templated":true}]}}