{"id":721,"date":"2020-07-05T19:57:53","date_gmt":"2020-07-05T22:57:53","guid":{"rendered":"https:\/\/www.ecoeureka.net\/?page_id=721"},"modified":"2021-11-12T13:16:53","modified_gmt":"2021-11-12T16:16:53","slug":"se650_economia-comportamental","status":"publish","type":"page","link":"https:\/\/www.ecoeureka.net\/en\/se650_economia-comportamental\/","title":{"rendered":"SE 650 &#8211; Economia Comportamental"},"content":{"rendered":"<p>Ementa: abordagem tradicional do comportamento dos agentes econ\u00f4micos. Anomalias e cr\u00edticas \u00e0 abordagem tradicional com \u00eanfase na racionalidade limitada de Herbert Simon. Economia Comportamental: fundamentos e debates em torno do tema. Desenvolvimentos atuais da Economia Comportamental. Objetivo Geral: capacitar o aluno para compreender os principais conceitos de Economia Comportamental e elaborar reflex\u00f5es a respeito de temas atuais utilizando esses conceitos. Objetivos Espec\u00edficos: (i) possibilitar an\u00e1lise que articule criticamente conceitos de racionalidade, heur\u00edsticas e vieses e teoria dos prospectos; (ii) propiciar a aquisi\u00e7\u00e3o de uma vis\u00e3o hist\u00f3rica a respeito do surgimento da Economia Comportamental a partir de cr\u00edticas \u00e0 Microeconomia tradicional; (iii) oportunizar o estudo e a problematiza\u00e7\u00e3o de fen\u00f4menos econ\u00f4micos.<\/p>\n\n\n\n<p><\/p>","protected":false},"excerpt":{"rendered":"<p>Ementa: abordagem tradicional do comportamento dos agentes econ\u00f4micos. Anomalias e cr\u00edticas \u00e0 abordagem tradicional com \u00eanfase na racionalidade limitada de Herbert Simon. Economia Comportamental: fundamentos e debates em torno do tema. Desenvolvimentos atuais da Economia Comportamental. Objetivo Geral: capacitar o aluno para compreender os principais conceitos de Economia Comportamental e elaborar reflex\u00f5es a respeito de &hellip; <\/p>\n<p class=\"link-more\"><a href=\"https:\/\/www.ecoeureka.net\/en\/se650_economia-comportamental\/\" class=\"more-link\">Continue reading<span class=\"screen-reader-text\"> &#8220;SE 650 &#8211; Economia Comportamental&#8221;<\/span><\/a><\/p>","protected":false},"author":1,"featured_media":0,"parent":0,"menu_order":0,"comment_status":"closed","ping_status":"closed","template":"","meta":{"footnotes":""},"class_list":["post-721","page","type-page","status-publish","hentry"],"_links":{"self":[{"href":"https:\/\/www.ecoeureka.net\/en\/wp-json\/wp\/v2\/pages\/721","targetHints":{"allow":["GET"]}}],"collection":[{"href":"https:\/\/www.ecoeureka.net\/en\/wp-json\/wp\/v2\/pages"}],"about":[{"href":"https:\/\/www.ecoeureka.net\/en\/wp-json\/wp\/v2\/types\/page"}],"author":[{"embeddable":true,"href":"https:\/\/www.ecoeureka.net\/en\/wp-json\/wp\/v2\/users\/1"}],"replies":[{"embeddable":true,"href":"https:\/\/www.ecoeureka.net\/en\/wp-json\/wp\/v2\/comments?post=721"}],"version-history":[{"count":0,"href":"https:\/\/www.ecoeureka.net\/en\/wp-json\/wp\/v2\/pages\/721\/revisions"}],"wp:attachment":[{"href":"https:\/\/www.ecoeureka.net\/en\/wp-json\/wp\/v2\/media?parent=721"}],"curies":[{"name":"wp","href":"https:\/\/api.w.org\/{rel}","templated":true}]}}