{"id":2,"date":"2018-02-24T02:58:12","date_gmt":"2018-02-24T02:58:12","guid":{"rendered":"http:\/\/ecoeureka.net\/?page_id=2"},"modified":"2021-11-12T20:04:06","modified_gmt":"2021-11-12T23:04:06","slug":"sobre","status":"publish","type":"page","link":"https:\/\/www.ecoeureka.net\/en\/sobre\/","title":{"rendered":"About"},"content":{"rendered":"<p><a href=\"https:\/\/www.ecoeureka.net\/wp-content\/uploads\/2018\/02\/Adriana.jpg\"><img loading=\"lazy\" decoding=\"async\" class=\"size-full wp-image-257 alignleft\" src=\"https:\/\/www.ecoeureka.net\/wp-content\/uploads\/2018\/02\/Adriana.jpg\" alt=\"\" width=\"200\" height=\"150\" \/><\/a>Seja bem-vindo(a) \u00e0 minha p\u00e1gina pessoal.<\/p>\n<p align=\"left\">Meu nome \u00e9 Adriana Sbicca Fernandes, sou graduada em Dan\u00e7a pela Unicamp e em Economia pela UFPR. Tenho Mestrado em Desenvolvimento Econ\u00f4mico pela UFPR e Doutorado em Economia de Empresas pela EESP-FGV.<\/p>\n<p align=\"left\">Desde 1999 sou professora do\u00a0<a href=\"http:\/\/www.sociaisaplicadas.ufpr.br\/portal\/depecon\/\" rel=\"nofollow\">Departamento de Economia da UFPR<\/a>\u00a0e atualmente ministro aulas de Econometria e de Economia e Finan\u00e7as Comportamentais na gradua\u00e7\u00e3o e P\u00f3s-Gradua\u00e7\u00e3o (Mestrado e Doutorado em Desenvolvimento Econ\u00f4mico &#8211; PPGDE).<\/p>\n<p align=\"left\">Meus temas de pesquisa s\u00e3o Decis\u00e3o dos Agentes Econ\u00f4micos, Teoria\u00a0Evolucion\u00e1ria e Simula\u00e7\u00e3o baseada em agentes.<\/p>\n<p align=\"left\">Nesta p\u00e1gina voc\u00ea encontrar\u00e1 alguns textos de minha autoria, al\u00e9m de material referente aos cursos em Economia da UFPR e de links interessantes para pesquisa em economia.<\/p>\n<p align=\"left\">Curr\u00edculo Lattes:\u00a0<a href=\"http:\/\/lattes.cnpq.br\/0551451997550358\" target=\"_blank\" rel=\"noopener\">http:\/\/lattes.cnpq.br\/0551451997550358<\/a><\/p>\n<p align=\"left\">ORCID: <a href=\"https:\/\/orcid.org\/0000-0002-6862-9070\" target=\"_blank\" rel=\"noopener\">0000-0002-6862-9070<\/a><\/p>\n<p>Contato:<\/p>\n<p>Professora Doutora Adriana Sbicca Fernandes<br \/>\nUniversidade Federal do Paran\u00e3<br \/>\nDepartamento de Economia<\/p>\n<p>Av. Prefeito Loth\u00e1rio Meissner, 632 &#8211; SA.TEN.07<br \/>\nJardim Bot\u00e2nico, Curitiba\/PR<br \/>\n80210-170<\/p>\n<p>adsbicca@ufpr.br<\/p>","protected":false},"excerpt":{"rendered":"<p>Seja bem-vindo(a) \u00e0 minha p\u00e1gina pessoal. Meu nome \u00e9 Adriana Sbicca Fernandes, sou graduada em Dan\u00e7a pela Unicamp e em Economia pela UFPR. Tenho Mestrado em Desenvolvimento Econ\u00f4mico pela UFPR e Doutorado em Economia de Empresas pela EESP-FGV. Desde 1999 sou professora do\u00a0Departamento de Economia da UFPR\u00a0e atualmente ministro aulas de Econometria e de Economia &hellip; <\/p>\n<p class=\"link-more\"><a href=\"https:\/\/www.ecoeureka.net\/en\/sobre\/\" class=\"more-link\">Continue reading<span class=\"screen-reader-text\"> &#8220;Sobre&#8221;<\/span><\/a><\/p>","protected":false},"author":1,"featured_media":0,"parent":0,"menu_order":0,"comment_status":"closed","ping_status":"open","template":"","meta":{"footnotes":""},"class_list":["post-2","page","type-page","status-publish","hentry"],"_links":{"self":[{"href":"https:\/\/www.ecoeureka.net\/en\/wp-json\/wp\/v2\/pages\/2","targetHints":{"allow":["GET"]}}],"collection":[{"href":"https:\/\/www.ecoeureka.net\/en\/wp-json\/wp\/v2\/pages"}],"about":[{"href":"https:\/\/www.ecoeureka.net\/en\/wp-json\/wp\/v2\/types\/page"}],"author":[{"embeddable":true,"href":"https:\/\/www.ecoeureka.net\/en\/wp-json\/wp\/v2\/users\/1"}],"replies":[{"embeddable":true,"href":"https:\/\/www.ecoeureka.net\/en\/wp-json\/wp\/v2\/comments?post=2"}],"version-history":[{"count":4,"href":"https:\/\/www.ecoeureka.net\/en\/wp-json\/wp\/v2\/pages\/2\/revisions"}],"predecessor-version":[{"id":868,"href":"https:\/\/www.ecoeureka.net\/en\/wp-json\/wp\/v2\/pages\/2\/revisions\/868"}],"wp:attachment":[{"href":"https:\/\/www.ecoeureka.net\/en\/wp-json\/wp\/v2\/media?parent=2"}],"curies":[{"name":"wp","href":"https:\/\/api.w.org\/{rel}","templated":true}]}}