{"id":111,"date":"2018-02-24T21:09:06","date_gmt":"2018-02-24T21:09:06","guid":{"rendered":"http:\/\/ecoeureka.net\/?page_id=111"},"modified":"2023-10-22T23:52:22","modified_gmt":"2023-10-23T02:52:22","slug":"publicacoes-2","status":"publish","type":"page","link":"https:\/\/www.ecoeureka.net\/en\/publicacoes-2\/","title":{"rendered":"Publica\u00e7\u00f5es BAK"},"content":{"rendered":"<p><strong>Artigos Completos Publicados em Peri\u00f3<\/strong><strong>dicos<\/strong><\/p>\n<p><a href=\"https:\/\/link.springer.com\/article\/10.1007\/s12124-023-09768-x\" target=\"_blank\" rel=\"noopener\">Cognitive Dissonance in the Self-assessed Health in Brazil: A CUB Model Analysis Using 2013 National Health Survey Data<\/a><\/p>\n<p><a href=\"https:\/\/portalrevistas.ucb.br\/index.php\/EALR\/article\/view\/11826\" target=\"_blank\" rel=\"noopener\">Economia do crime: da visibilidade de Gary Becker \u00e0s influ\u00eancias da economia comportamental<\/a><\/p>\n<p><a href=\"https:\/\/link.springer.com\/article\/10.1007\/s43546-022-00243-0\" target=\"_blank\" rel=\"noopener\">Behavioral economics in the analysis of health economics<\/a><\/p>\n<p><a href=\"https:\/\/link.springer.com\/article\/10.1007%2Fs10614-021-10158-x\" target=\"_blank\" rel=\"noopener\">Bounded Rationality, Group Formation and the Emergence of Trust: An Agent-Based Economic Model<\/a><\/p>\n<p><a href=\"https:\/\/www.braziliankeynesianreview.org\/BKR\/article\/view\/208\" target=\"_blank\" rel=\"noopener\">Rela\u00e7\u00f5es te\u00f3ricas entre a escolha na Economia Comportamental e a decis\u00e3o de investimento em Keynes<\/a><\/p>\n<p><a href=\"https:\/\/bell.unochapeco.edu.br\/revistas\/index.php\/rgo\/article\/view\/5443\" target=\"_blank\" rel=\"noopener\">Decis\u00f5es financeiras e o uso de aplicativos: um estudo \u00e0 luz da economia comportamental<\/a><\/p>\n<p><a href=\"https:\/\/www.scirp.org\/journal\/paperinformation.aspx?paperid=98516\" target=\"_blank\" rel=\"noopener noreferrer\">Anchoring Heuristics, Investor Sentiment and Stylized Facts in the Stock Market: An Agent Based Model<\/a><\/p>\n<p><a href=\"https:\/\/periodicos.ufsm.br\/eed\/article\/view\/49203\" target=\"_blank\" rel=\"noopener\">Uma an\u00e1lise do fen\u00f4meno \u2018fake news\u2019 com base na economia comportamental<\/a><\/p>\n<p><a href=\"https:\/\/revistas.unifacs.br\/index.php\/rde\/article\/view\/6248\" target=\"_blank\" rel=\"noopener noreferrer\">Acesso ao esgotamento sanit\u00e1rio das fam\u00edlias pobres no Brasil<\/a><\/p>\n<p><a href=\"http:\/\/www.mdpi.com\/1996-1073\/10\/6\/768\" target=\"_blank\" rel=\"noopener noreferrer\">A Behavioral Economics Approach to Residential Electricity Consumption<\/a><\/p>\n<p><a href=\"http:\/\/www.scielo.br\/scielo.php?pid=S0101-41612014000300006&amp;script=sci_abstract&amp;tlng=pt\" target=\"_blank\" rel=\"noopener noreferrer\">Heur\u00edsticas no Estudo das Decis\u00f5es Econ\u00f4micas: Contribui\u00e7\u00f5es de Herbert Simon, Daniel Kahneman e Amos Tversky<\/a><\/p>\n<p><a href=\"https:\/\/revistas.ufpr.br\/ret\/article\/view\/30215\" target=\"_blank\" rel=\"noopener noreferrer\">Expans\u00e3o do Cr\u00e9dito no Brasil e a Vulnerabilidade do Consumidor<\/a><\/p>\n<p><a href=\"https:\/\/revistas.ufpr.br\/ret\/article\/view\/26831\" target=\"_blank\" rel=\"noopener noreferrer\">Reflex\u00f5es sobre o comportamento do consumidor e o cart\u00e3o de cr\u00e9dito no Brasil<\/a><\/p>\n<p><a href=\"https:\/\/revistas.ufpr.br\/ret\/article\/view\/25907\" target=\"_blank\" rel=\"noopener noreferrer\">Os precat\u00f3rios e as finan\u00e7as p\u00fablicas brasileiras<\/a><\/p>\n<p><a href=\"http:\/\/www.google.com.br\/url?sa=t&amp;rct=j&amp;q=&amp;esrc=s&amp;source=web&amp;cd=1&amp;cad=rja&amp;uact=8&amp;ved=0ahUKEwj-iuXYsMHZAhXmlOAKHWoGAgoQFggnMAA&amp;url=http%3A%2F%2Frevistas.ufpr.br%2Feconomia%2Farticle%2Fview%2F5025&amp;usg=AOvVaw29swfuFCGlRRX398n9JfWb\" target=\"_blank\" rel=\"noopener noreferrer\">Seis Hist\u00f3rias do Pensamento Econ\u00f4mico: abordagens dadas \u00e0 Revolu\u00e7\u00e3o Marginalista e ao pensamento de Nassau Senior<\/a><\/p>\n<p><a href=\"https:\/\/www.google.com.br\/url?sa=t&amp;rct=j&amp;q=&amp;esrc=s&amp;source=web&amp;cd=1&amp;cad=rja&amp;uact=8&amp;ved=0ahUKEwjyrs3lsMHZAhVPdt8KHbH6Bg0QFggqMAA&amp;url=https%3A%2F%2Fwww.inderscienceonline.com%2Fdoi%2Fabs%2F10.1504%2FIJBT.2003.004102&amp;usg=AOvVaw08nrObYIBf2kDOSG2xNgon\" target=\"_blank\" rel=\"noopener noreferrer\">Genetically modified organisms: the side not revealed by science. International Journal of Biotechnology<\/a><\/p>\n<p>Curr\u00edculo Lattes:\u00a0<a href=\"http:\/\/lattes.cnpq.br\/0551451997550358\" target=\"_blank\" rel=\"noopener noreferrer\">http:\/\/lattes.cnpq.br\/0551451997550358<\/a><\/p>\n<p>ORCID: <a href=\"https:\/\/orcid.org\/0000-0002-6862-9070\">0000-0002-6862-9070<\/a><\/p>","protected":false},"excerpt":{"rendered":"<p>Artigos Completos Publicados em Peri\u00f3dicos Cognitive Dissonance in the Self-assessed Health in Brazil: A CUB Model Analysis Using 2013 National Health Survey Data Economia do crime: da visibilidade de Gary Becker \u00e0s influ\u00eancias da economia comportamental Behavioral economics in the analysis of health economics Bounded Rationality, Group Formation and the Emergence of Trust: An Agent-Based &hellip; <\/p>\n<p class=\"link-more\"><a href=\"https:\/\/www.ecoeureka.net\/en\/publicacoes-2\/\" class=\"more-link\">Continue reading<span class=\"screen-reader-text\"> &#8220;Publica\u00e7\u00f5es BAK&#8221;<\/span><\/a><\/p>","protected":false},"author":1,"featured_media":0,"parent":0,"menu_order":0,"comment_status":"closed","ping_status":"closed","template":"","meta":{"footnotes":""},"class_list":["post-111","page","type-page","status-publish","hentry"],"_links":{"self":[{"href":"https:\/\/www.ecoeureka.net\/en\/wp-json\/wp\/v2\/pages\/111","targetHints":{"allow":["GET"]}}],"collection":[{"href":"https:\/\/www.ecoeureka.net\/en\/wp-json\/wp\/v2\/pages"}],"about":[{"href":"https:\/\/www.ecoeureka.net\/en\/wp-json\/wp\/v2\/types\/page"}],"author":[{"embeddable":true,"href":"https:\/\/www.ecoeureka.net\/en\/wp-json\/wp\/v2\/users\/1"}],"replies":[{"embeddable":true,"href":"https:\/\/www.ecoeureka.net\/en\/wp-json\/wp\/v2\/comments?post=111"}],"version-history":[{"count":9,"href":"https:\/\/www.ecoeureka.net\/en\/wp-json\/wp\/v2\/pages\/111\/revisions"}],"predecessor-version":[{"id":1020,"href":"https:\/\/www.ecoeureka.net\/en\/wp-json\/wp\/v2\/pages\/111\/revisions\/1020"}],"wp:attachment":[{"href":"https:\/\/www.ecoeureka.net\/en\/wp-json\/wp\/v2\/media?parent=111"}],"curies":[{"name":"wp","href":"https:\/\/api.w.org\/{rel}","templated":true}]}}